{"id":281,"date":"2020-06-03T15:31:14","date_gmt":"2020-06-03T13:31:14","guid":{"rendered":"https:\/\/gestali.com\/accueil\/"},"modified":"2020-07-27T17:53:31","modified_gmt":"2020-07-27T15:53:31","slug":"accueil","status":"publish","type":"page","link":"https:\/\/gestali.com\/es\/","title":{"rendered":"Inicio"},"content":{"rendered":"[vc_row type=\u00bbfull_width_background\u00bb full_screen_row_position=\u00bbmiddle\u00bb equal_height=\u00bbyes\u00bb content_placement=\u00bbmiddle\u00bb scene_position=\u00bbcenter\u00bb text_color=\u00bblight\u00bb text_align=\u00bbleft\u00bb top_padding=\u00bb5%\u00bb bottom_padding=\u00bb5%\u00bb id=\u00bbcreative-services\u00bb overlay_strength=\u00bb0.3&#8243; shape_divider_position=\u00bbbottom\u00bb bg_image_animation=\u00bbnone\u00bb shape_type=\u00bb\u00bb][vc_column column_padding=\u00bbpadding-2-percent\u00bb column_padding_position=\u00bbright\u00bb background_color_opacity=\u00bb1&#8243; background_hover_color_opacity=\u00bb1&#8243; font_color=\u00bb#0a0a0a\u00bb column_link_target=\u00bb_self\u00bb column_shadow=\u00bbnone\u00bb column_border_radius=\u00bbnone\u00bb width=\u00bb1\/3&#8243; tablet_width_inherit=\u00bbdefault\u00bb tablet_text_alignment=\u00bbdefault\u00bb phone_text_alignment=\u00bbdefault\u00bb column_border_width=\u00bbnone\u00bb column_border_style=\u00bbsolid\u00bb bg_image_animation=\u00bbnone\u00bb][vc_column_text]\n<h3><span style=\"color: #000000;\">La experiencia, ser atento a sus necesidades, y la confianza son las claves esenciales de esta empresa <\/span><\/h3>\n<div id=\"gtx-trans\" style=\"position: absolute; left: 115px; top: -6.28125px;\">\n<div class=\"gtx-trans-icon\"><\/div>\n<\/div>\n[\/vc_column_text][vc_column_text css=\u00bb.vc_custom_1591255930484{padding-right: 10% !important;}\u00bb]<span style=\"color: #000000;\">Descubra Gestali, su asesor\u00eda en Alicante. Nuestro equipo franco-espa\u00f1ol asesora a sus clientes desde el conocimiento y la expericia, en todas las areas que precise, residencia, fiscalidad, contabilidad, auditor\u00eda y gestor\u00eda.<\/span>[\/vc_column_text][nectar_btn size=\u00bblarge\u00bb button_style=\u00bbregular\u00bb button_color_2=\u00bbExtra-Color-3&#8243; solid_text_color_override=\u00bb#ffffff\u00bb icon_family=\u00bbdefault_arrow\u00bb text=\u00bbM\u00e1s informaci\u00f3n\u00bb margin_top=\u00bb15&#8243;][\/vc_column][vc_column column_padding=\u00bbno-extra-padding\u00bb column_padding_position=\u00bball\u00bb background_color_opacity=\u00bb1&#8243; background_hover_color_opacity=\u00bb1&#8243; column_link_target=\u00bb_self\u00bb column_shadow=\u00bbnone\u00bb column_border_radius=\u00bbnone\u00bb width=\u00bb2\/3&#8243; tablet_width_inherit=\u00bbdefault\u00bb tablet_text_alignment=\u00bbdefault\u00bb phone_text_alignment=\u00bbdefault\u00bb column_border_width=\u00bbnone\u00bb column_border_style=\u00bbsolid\u00bb bg_image_animation=\u00bbnone\u00bb][vc_row_inner column_margin=\u00bbnone\u00bb text_align=\u00bbleft\u00bb][vc_column_inner column_padding=\u00bbpadding-2-percent\u00bb column_padding_position=\u00bball\u00bb background_color_opacity=\u00bb1&#8243; background_hover_color_opacity=\u00bb1&#8243; font_color=\u00bb#ffffff\u00bb column_shadow=\u00bbnone\u00bb column_border_radius=\u00bbnone\u00bb column_link_target=\u00bb_self\u00bb width=\u00bb1\/3&#8243; tablet_width_inherit=\u00bbdefault\u00bb column_border_width=\u00bbnone\u00bb column_border_style=\u00bbsolid\u00bb bg_image_animation=\u00bbnone\u00bb][fancy_box box_style=\u00bbcolor_box_basic\u00bb icon_family=\u00bbiconsmind\u00bb image_url=\u00bb32&#8243; box_color=\u00bb#252a2b\u00bb content_color=\u00bb#ffffff\u00bb box_color_opacity=\u00bb0.6&#8243; box_alignment=\u00bbleft\u00bb enable_animation=\u00bbtrue\u00bb animation=\u00bbfade-in-from-bottom\u00bb color_scheme=\u00bbnone\u00bb secondary_content=\u00bbhere&#8217;s some awesome text that would only be shown on hover\u00bb min_height=\u00bb0&#8243; link_url=\u00bbhttp:\/\/gestali.com\/nos-services\/comptabilite-audit\/\u00bb icon_iconsmind=\u00bbiconsmind-Calculator-2&#8243; css=\u00bb.vc_custom_1591255433746{margin-top: 50px !important;margin-bottom: 2em !important;padding-top: 15% !important;padding-right: 15% !important;padding-bottom: 15% !important;padding-left: 15% !important;}\u00bb icon_size=\u00bb40&#8243;]\n<h5>Contabilidad<\/h5>\n<p>\u00abUn an\u00e1lisis minucioso y detallado de su negocio.\u00bb[\/fancy_box][fancy_box box_style=\u00bbcolor_box_basic\u00bb icon_family=\u00bbiconsmind\u00bb image_url=\u00bb35&#8243; box_color=\u00bb#252a2b\u00bb box_color_opacity=\u00bb0.6&#8243; box_alignment=\u00bbleft\u00bb enable_animation=\u00bbtrue\u00bb animation=\u00bbfade-in-from-bottom\u00bb color_scheme=\u00bbnone\u00bb secondary_content=\u00bbhere&#8217;s some awesome text that would only be shown on hover\u00bb min_height=\u00bb0&#8243; link_url=\u00bbhttp:\/\/gestali.com\/nos-services\/gestion-diverse\/\u00bb icon_iconsmind=\u00bbiconsmind-Dashboard\u00bb css=\u00bb.vc_custom_1591255427199{margin-bottom: 50px !important;padding-top: 15% !important;padding-right: 15% !important;padding-bottom: 15% !important;padding-left: 15% !important;}\u00bb icon_size=\u00bb40&#8243;]\n<h5>Administraci\u00f3n<\/h5>\n<p>\u00abUn conjunto de profesionales que le asesorar\u00e1n satisfactoriamente.\u00bb[\/fancy_box][\/vc_column_inner][vc_column_inner column_padding=\u00bbpadding-2-percent\u00bb column_padding_position=\u00bball\u00bb background_color_opacity=\u00bb1&#8243; background_hover_color_opacity=\u00bb1&#8243; column_shadow=\u00bbnone\u00bb column_border_radius=\u00bbnone\u00bb column_link_target=\u00bb_self\u00bb width=\u00bb1\/3&#8243; tablet_width_inherit=\u00bbdefault\u00bb column_border_width=\u00bbnone\u00bb column_border_style=\u00bbsolid\u00bb bg_image_animation=\u00bbnone\u00bb][fancy_box box_style=\u00bbcolor_box_basic\u00bb icon_family=\u00bbiconsmind\u00bb image_url=\u00bb34&#8243; box_color=\u00bb#252a2b\u00bb box_color_opacity=\u00bb0.6&#8243; box_alignment=\u00bbleft\u00bb enable_animation=\u00bbtrue\u00bb animation=\u00bbfade-in-from-bottom\u00bb color_scheme=\u00bbnone\u00bb secondary_content=\u00bbhere&#8217;s some awesome text that would only be shown on hover\u00bb min_height=\u00bb0&#8243; link_url=\u00bbhttp:\/\/gestali.com\/nos-services\/fiscalite\/\u00bb icon_iconsmind=\u00bbiconsmind-Folder-Search\u00bb css=\u00bb.vc_custom_1591255470832{margin-bottom: 2em !important;padding-top: 15% !important;padding-right: 15% !important;padding-bottom: 15% !important;padding-left: 15% !important;}\u00bb delay=\u00bb100&#8243; icon_size=\u00bb40&#8243;]\n<h5>Fiscalidad<\/h5>\n<p>\u201cEstudio personalizdo de sus condiciones particulares para adecuar y minimizar sus impuestos.\u201d[\/fancy_box][fancy_box box_style=\u00bbcolor_box_basic\u00bb icon_family=\u00bbiconsmind\u00bb image_url=\u00bb36&#8243; box_color=\u00bb#252a2b\u00bb content_color=\u00bb#ffffff\u00bb box_color_opacity=\u00bb0.6&#8243; box_alignment=\u00bbleft\u00bb enable_animation=\u00bbtrue\u00bb animation=\u00bbfade-in-from-bottom\u00bb color_scheme=\u00bbnone\u00bb secondary_content=\u00bbhere&#8217;s some awesome text that would only be shown on hover\u00bb min_height=\u00bb0&#8243; link_url=\u00bbhttp:\/\/gestali.com\/nos-services\/assurance\/\u00bb icon_iconsmind=\u00bbiconsmind-Security-Check\u00bb delay=\u00bb100&#8243; css=\u00bb.vc_custom_1591255480883{padding-top: 15% !important;padding-right: 15% !important;padding-bottom: 15% !important;padding-left: 15% !important;}\u00bb icon_size=\u00bb40&#8243;]\n<h5>Seguro<\/h5>\n<p>\u201cSu salud y su seguridad, son nuestra prioridad.\u201d[\/fancy_box][fancy_box box_style=\u00bbcolor_box_basic\u00bb icon_family=\u00bbiconsmind\u00bb image_url=\u00bb290&#8243; box_color=\u00bb#252a2b\u00bb box_color_opacity=\u00bb0.6&#8243; box_alignment=\u00bbleft\u00bb enable_animation=\u00bbtrue\u00bb animation=\u00bbfade-in-from-bottom\u00bb color_scheme=\u00bbnone\u00bb secondary_content=\u00bbhere&#8217;s some awesome text that would only be shown on hover\u00bb min_height=\u00bb0&#8243; link_url=\u00bb\/nos-services\/immeuble-gestion-dachat-vente-ou-location\/\u00bb icon_iconsmind=\u00bbiconsmind-Home-4&#8243; css=\u00bb.vc_custom_1591255767190{margin-bottom: 50px !important;padding-top: 15% !important;padding-right: 15% !important;padding-bottom: 15% !important;padding-left: 15% !important;}\u00bb icon_size=\u00bb40&#8243;]\n<h5>Inmuebles<\/h5>\n<p>\u201cGuiamos sus pasos para comprar, vender y alquilar con la tranquilidad que le da un gran equipo de profesionales.\u201d<\/p>\n<div id=\"gtx-trans\" style=\"position: absolute; left: 5px; top: 37.3438px;\">\n<div class=\"gtx-trans-icon\"><\/div>\n<\/div>\n[\/fancy_box][\/vc_column_inner][vc_column_inner column_padding=\u00bbpadding-2-percent\u00bb column_padding_position=\u00bball\u00bb background_color_opacity=\u00bb1&#8243; background_hover_color_opacity=\u00bb1&#8243; column_shadow=\u00bbnone\u00bb column_border_radius=\u00bbnone\u00bb column_link_target=\u00bb_self\u00bb width=\u00bb1\/3&#8243; tablet_width_inherit=\u00bbdefault\u00bb column_border_width=\u00bbnone\u00bb column_border_style=\u00bbsolid\u00bb bg_image_animation=\u00bbnone\u00bb][fancy_box box_style=\u00bbcolor_box_basic\u00bb icon_family=\u00bbiconsmind\u00bb image_url=\u00bb33&#8243; box_color=\u00bb#252a2b\u00bb content_color=\u00bb#ffffff\u00bb box_color_opacity=\u00bb0.6&#8243; box_alignment=\u00bbleft\u00bb enable_animation=\u00bbtrue\u00bb animation=\u00bbfade-in-from-bottom\u00bb color_scheme=\u00bbnone\u00bb secondary_content=\u00bbhere&#8217;s some awesome text that would only be shown on hover\u00bb min_height=\u00bb0&#8243; link_url=\u00bbhttp:\/\/gestali.com\/nos-services\/social\/\u00bb icon_iconsmind=\u00bbiconsmind-Family-Sign\u00bb css=\u00bb.vc_custom_1591255486946{margin-top: 50px !important;margin-bottom: 2em !important;padding-top: 15% !important;padding-right: 15% !important;padding-bottom: 15% !important;padding-left: 15% !important;}\u00bb delay=\u00bb200&#8243; icon_size=\u00bb40&#8243;]\n<h5>Social<\/h5>\n<p>\u201cJuntos formamos un gran equipo.\u00bb[\/fancy_box][fancy_box box_style=\u00bbcolor_box_basic\u00bb icon_family=\u00bbiconsmind\u00bb image_url=\u00bb39&#8243; box_color=\u00bb#252a2b\u00bb content_color=\u00bb#ffffff\u00bb box_color_opacity=\u00bb0.6&#8243; box_alignment=\u00bbleft\u00bb enable_animation=\u00bbtrue\u00bb animation=\u00bbfade-in-from-bottom\u00bb color_scheme=\u00bbnone\u00bb secondary_content=\u00bbhere&#8217;s some awesome text that would only be shown on hover\u00bb min_height=\u00bb0&#8243; link_url=\u00bbhttp:\/\/gestali.com\/nos-services\/votre-installation\/\u00bb icon_iconsmind=\u00bbiconsmind-Mailbox-Empty\u00bb delay=\u00bb200&#8243; css=\u00bb.vc_custom_1591255492537{padding-top: 15% !important;padding-right: 15% !important;padding-bottom: 15% !important;padding-left: 15% !important;}\u00bb icon_size=\u00bb40&#8243;]\n<h5>Bienvenidos a Alicante<\/h5>\n[\/fancy_box][fancy_box box_style=\u00bbcolor_box_basic\u00bb icon_family=\u00bbiconsmind\u00bb image_url=\u00bb295&#8243; box_color=\u00bb#252a2b\u00bb content_color=\u00bb#ffffff\u00bb box_color_opacity=\u00bb0.6&#8243; box_alignment=\u00bbleft\u00bb enable_animation=\u00bbtrue\u00bb animation=\u00bbfade-in-from-bottom\u00bb color_scheme=\u00bbnone\u00bb secondary_content=\u00bbhere&#8217;s some awesome text that would only be shown on hover\u00bb min_height=\u00bb0&#8243; link_url=\u00bb\/nos-services\/heritages-et-donations\/\u00bb icon_iconsmind=\u00bbiconsmind-Libra-2&#8243; delay=\u00bb200&#8243; css=\u00bb.vc_custom_1591262131831{padding-top: 15% !important;padding-right: 15% !important;padding-bottom: 15% !important;padding-left: 15% !important;}\u00bb icon_size=\u00bb40&#8243;]\n<h5>Herencias y donaciones<\/h5>\n<p>\u00abLe asesoramos para ayudarle a proteger sus activos.\u00bb<br \/>\n[\/fancy_box][\/vc_column_inner][\/vc_row_inner][\/vc_column][\/vc_row][vc_row type=\u00bbfull_width_background\u00bb full_screen_row_position=\u00bbmiddle\u00bb bg_color=\u00bb#ffffff\u00bb scene_position=\u00bbcenter\u00bb text_color=\u00bbdark\u00bb text_align=\u00bbleft\u00bb top_padding=\u00bb0&#8243; bottom_padding=\u00bb100&#8243; overlay_strength=\u00bb0.3&#8243; shape_divider_position=\u00bbbottom\u00bb bg_image_animation=\u00bbnone\u00bb parallax_bg=\u00bbtrue\u00bb parallax_bg_speed=\u00bbfast\u00bb shape_type=\u00bb\u00bb][vc_column column_padding=\u00bbno-extra-padding\u00bb column_padding_position=\u00bball\u00bb background_color_opacity=\u00bb1&#8243; background_hover_color_opacity=\u00bb1&#8243; column_link_target=\u00bb_self\u00bb column_shadow=\u00bbnone\u00bb column_border_radius=\u00bbnone\u00bb width=\u00bb1\/1&#8243; tablet_width_inherit=\u00bbdefault\u00bb tablet_text_alignment=\u00bbdefault\u00bb phone_text_alignment=\u00bbdefault\u00bb column_border_width=\u00bbnone\u00bb column_border_style=\u00bbsolid\u00bb bg_image_animation=\u00bbnone\u00bb enable_animation=\u00bbtrue\u00bb animation=\u00bbgrow-in\u00bb][testimonial_slider style=\u00bbminimal\u00bb star_rating_color=\u00bbextra-color-gradient-1&#8243; autorotate=\u00bb6000&#8243; disable_height_animation=\u00bbtrue\u00bb][testimonial star_rating=\u00bb100%\u00bb title=\u00bbTestimonial\u00bb id=\u00bb1595865183452-10&#8243; name=\u00bbJose Navarro Alvarez\u00bb quote=\u00bbMon cabinet comptable depuis les premiers jours de mon entreprise. Des prix s\u00e9rieux, comp\u00e9titifs et une \u00e9quipe dynamique. Un v\u00e9ritable partenaire de confiance !\u00bb tab_id=\u00bb1595865183452-5&#8243;][testimonial star_rating=\u00bb100%\u00bb title=\u00bbTestimonial\u00bb id=\u00bb1595865183540-7&#8243; name=\u00bbMichel Garcia\u00bb quote=\u00bbJe conseille aux fran\u00e7ais vivant dans la r\u00e9gion d&#8217;Alicante et en particulier aux retrait\u00e9s de confier leur gestion \u00e0 GESTALI. Un grand merci.\u00bb tab_id=\u00bb1595865183540-3&#8243;][testimonial star_rating=\u00bb100%\u00bb title=\u00bbTestimonial\u00bb id=\u00bb1595865183580-3&#8243; name=\u00bbYves Cantarella\u00bb quote=\u00bbVos investissements ici avec cette soci\u00e9t\u00e9 situ\u00e9 \u00e0 Alicante couvre le nord et le Sud de la Costa Blanca. Superbe et professionnel.\u00bb tab_id=\u00bb1595865183581-2&#8243;][testimonial star_rating=\u00bb100%\u00bb title=\u00bbTestimonial\u00bb id=\u00bb1595865183620-6&#8243; name=\u00bbHugo Fontvieille\u00bb quote=\u00bbQuel plaisir de s&#8217;installer en Espagne lorsqu&#8217;on est bien accompagn\u00e9 ! Un grand merci \u00e0 Gestali que je recommande particuli\u00e8rement pour vos d\u00e9marches administratives.\u00bb tab_id=\u00bb1595865183621-0&#8243;][\/testimonial_slider][\/vc_column][\/vc_row][vc_row type=\u00bbfull_width_background\u00bb full_screen_row_position=\u00bbmiddle\u00bb bg_color=\u00bb#575756&#8243; scene_position=\u00bbcenter\u00bb text_color=\u00bbdark\u00bb text_align=\u00bbleft\u00bb top_padding=\u00bb60&#8243; overlay_strength=\u00bb0.3&#8243; enable_shape_divider=\u00bbtrue\u00bb shape_divider_color=\u00bb#ffffff\u00bb shape_divider_position=\u00bbtop\u00bb shape_divider_height=\u00bb80&#8243; bg_image_animation=\u00bbnone\u00bb shape_type=\u00bbcurve_opacity\u00bb][vc_column column_padding=\u00bbno-extra-padding\u00bb column_padding_position=\u00bball\u00bb background_color_opacity=\u00bb1&#8243; background_hover_color_opacity=\u00bb1&#8243; font_color=\u00bb#ffffff\u00bb column_link_target=\u00bb_self\u00bb column_shadow=\u00bbnone\u00bb column_border_radius=\u00bbnone\u00bb width=\u00bb1\/1&#8243; tablet_width_inherit=\u00bbdefault\u00bb tablet_text_alignment=\u00bbdefault\u00bb phone_text_alignment=\u00bbdefault\u00bb column_border_width=\u00bbnone\u00bb column_border_style=\u00bbsolid\u00bb bg_image_animation=\u00bbnone\u00bb translate_y=\u00bb-50%\u00bb][vc_row_inner column_margin=\u00bbdefault\u00bb translate_y=\u00bb-50%\u00bb text_align=\u00bbleft\u00bb][vc_column_inner column_padding=\u00bbpadding-5-percent\u00bb column_padding_position=\u00bball\u00bb centered_text=\u00bbtrue\u00bb background_color=\u00bb#00afd3&#8243; background_color_opacity=\u00bb1&#8243; background_color_hover=\u00bb#00afd3&#8243; background_hover_color_opacity=\u00bb1&#8243; font_color=\u00bb#ffffff\u00bb column_shadow=\u00bbx_large_depth\u00bb column_border_radius=\u00bb20px\u00bb top_margin=\u00bb15&#8243; column_link_target=\u00bb_self\u00bb width=\u00bb1\/1&#8243; tablet_width_inherit=\u00bbdefault\u00bb column_border_width=\u00bbnone\u00bb column_border_style=\u00bbsolid\u00bb bg_image_animation=\u00bbnone\u00bb enable_animation=\u00bbtrue\u00bb animation=\u00bbflip-in-vertical\u00bb]<div class=\"divider-wrap\" data-alignment=\"default\"><div style=\"height: 15px;\" class=\"divider\"><\/div><\/div>[vc_custom_heading text=\u00bb\u00a1Su presupuesto sin compromiso!\u00bb font_container=\u00bbtag:h4|text_align:center|color:%23ffffff\u00bb google_fonts=\u00bbfont_family:Raleway%3A100%2C200%2C300%2Cregular%2C500%2C600%2C700%2C800%2C900|font_style:700%20bold%20regular%3A700%3Anormal\u00bb][nectar_btn size=\u00bblarge\u00bb open_new_tab=\u00bbtrue\u00bb button_style=\u00bbregular\u00bb button_color_2=\u00bbExtra-Color-1&#8243; color_override=\u00bb#ffffff\u00bb solid_text_color_override=\u00bb#0a0a0a\u00bb icon_family=\u00bbnone\u00bb url=\u00bb\/contact\u00bb text=\u00bbCONT\u00c1CTENOS\u00bb margin_top=\u00bb30&#8243; margin_bottom=\u00bb1&#8243;]<div class=\"divider-wrap\" data-alignment=\"default\"><div style=\"height: 15px;\" class=\"divider\"><\/div><\/div>[\/vc_column_inner][\/vc_row_inner][\/vc_column][\/vc_row]\n","protected":false},"excerpt":{"rendered":"<p>[vc_row type=\u00bbfull_width_background\u00bb full_screen_row_position=\u00bbmiddle\u00bb equal_height=\u00bbyes\u00bb content_placement=\u00bbmiddle\u00bb scene_position=\u00bbcenter\u00bb text_color=\u00bblight\u00bb text_align=\u00bbleft\u00bb top_padding=\u00bb5%\u00bb bottom_padding=\u00bb5%\u00bb id=\u00bbcreative-services\u00bb overlay_strength=\u00bb0.3&#8243; shape_divider_position=\u00bbbottom\u00bb bg_image_animation=\u00bbnone\u00bb shape_type=\u00bb\u00bb][vc_column column_padding=\u00bbpadding-2-percent\u00bb column_padding_position=\u00bbright\u00bb background_color_opacity=\u00bb1&#8243; background_hover_color_opacity=\u00bb1&#8243; font_color=\u00bb#0a0a0a\u00bb column_link_target=\u00bb_self\u00bb column_shadow=\u00bbnone\u00bb column_border_radius=\u00bbnone\u00bb width=\u00bb1\/3&#8243; tablet_width_inherit=\u00bbdefault\u00bb tablet_text_alignment=\u00bbdefault\u00bb phone_text_alignment=\u00bbdefault\u00bb column_border_width=\u00bbnone\u00bb column_border_style=\u00bbsolid\u00bb bg_image_animation=\u00bbnone\u00bb][vc_column_text]&#8230;<\/p>\n","protected":false},"author":1,"featured_media":260,"parent":0,"menu_order":0,"comment_status":"closed","ping_status":"open","template":"","meta":[],"yoast_head":"<!-- This site is optimized with the Yoast SEO plugin v20.11 - https:\/\/yoast.com\/wordpress\/plugins\/seo\/ -->\n<title>Gestali - Su gestor\u00eda en Alicante<\/title>\n<meta name=\"description\" content=\"Gestali es una gestor\u00eda en Alicante. Apoyamos a nuestros clientes en su instalaci\u00f3n personal y profesional y los apoyamos en la administraci\u00f3n de sus negocios.\" \/>\n<meta name=\"robots\" content=\"index, follow, max-snippet:-1, max-image-preview:large, max-video-preview:-1\" \/>\n<link rel=\"canonical\" href=\"https:\/\/gestali.com\/es\/\" \/>\n<meta property=\"og:locale\" content=\"es_ES\" \/>\n<meta property=\"og:type\" content=\"article\" \/>\n<meta property=\"og:title\" content=\"Gestali - Su gestor\u00eda en Alicante\" \/>\n<meta property=\"og:description\" content=\"Gestali es una gestor\u00eda en Alicante. Apoyamos a nuestros clientes en su instalaci\u00f3n personal y profesional y los apoyamos en la administraci\u00f3n de sus negocios.\" \/>\n<meta property=\"og:url\" content=\"https:\/\/gestali.com\/es\/\" \/>\n<meta property=\"og:site_name\" content=\"Gestali\" \/>\n<meta property=\"article:publisher\" content=\"https:\/\/www.facebook.com\/pages\/category\/Consulting-Agency\/Gestali-Alicante-141932729848844\/\" \/>\n<meta property=\"article:modified_time\" content=\"2020-07-27T15:53:31+00:00\" \/>\n<meta property=\"og:image\" content=\"https:\/\/gestali.com\/wp-content\/uploads\/2018\/12\/magdalena-pie-1081642-unsplash-e1544446114529.jpg\" \/>\n\t<meta property=\"og:image:width\" content=\"1920\" \/>\n\t<meta property=\"og:image:height\" content=\"1197\" \/>\n\t<meta property=\"og:image:type\" content=\"image\/jpeg\" \/>\n<meta name=\"twitter:card\" content=\"summary_large_image\" \/>\n<meta name=\"twitter:label1\" content=\"Tiempo de lectura\" \/>\n\t<meta name=\"twitter:data1\" content=\"8 minutos\" \/>\n<script type=\"application\/ld+json\" class=\"yoast-schema-graph\">{\"@context\":\"https:\/\/schema.org\",\"@graph\":[{\"@type\":\"WebPage\",\"@id\":\"https:\/\/gestali.com\/es\/\",\"url\":\"https:\/\/gestali.com\/es\/\",\"name\":\"Gestali - Su gestor\u00eda en Alicante\",\"isPartOf\":{\"@id\":\"https:\/\/gestali.com\/es\/#website\"},\"datePublished\":\"2020-06-03T13:31:14+00:00\",\"dateModified\":\"2020-07-27T15:53:31+00:00\",\"description\":\"Gestali es una gestor\u00eda en Alicante. Apoyamos a nuestros clientes en su instalaci\u00f3n personal y profesional y los apoyamos en la administraci\u00f3n de sus negocios.\",\"breadcrumb\":{\"@id\":\"https:\/\/gestali.com\/es\/#breadcrumb\"},\"inLanguage\":\"es\",\"potentialAction\":[{\"@type\":\"ReadAction\",\"target\":[\"https:\/\/gestali.com\/es\/\"]}]},{\"@type\":\"BreadcrumbList\",\"@id\":\"https:\/\/gestali.com\/es\/#breadcrumb\",\"itemListElement\":[{\"@type\":\"ListItem\",\"position\":1,\"name\":\"Accueil\",\"item\":\"https:\/\/gestali.com\/es\/\"},{\"@type\":\"ListItem\",\"position\":2,\"name\":\"Inicio\"}]},{\"@type\":\"WebSite\",\"@id\":\"https:\/\/gestali.com\/es\/#website\",\"url\":\"https:\/\/gestali.com\/es\/\",\"name\":\"Gestali\",\"description\":\"Gestor\u00eda en Alicante\",\"potentialAction\":[{\"@type\":\"SearchAction\",\"target\":{\"@type\":\"EntryPoint\",\"urlTemplate\":\"https:\/\/gestali.com\/es\/?s={search_term_string}\"},\"query-input\":\"required name=search_term_string\"}],\"inLanguage\":\"es\"}]}<\/script>\n<!-- \/ Yoast SEO plugin. -->","yoast_head_json":{"title":"Gestali - Su gestor\u00eda en Alicante","description":"Gestali es una gestor\u00eda en Alicante. Apoyamos a nuestros clientes en su instalaci\u00f3n personal y profesional y los apoyamos en la administraci\u00f3n de sus negocios.","robots":{"index":"index","follow":"follow","max-snippet":"max-snippet:-1","max-image-preview":"max-image-preview:large","max-video-preview":"max-video-preview:-1"},"canonical":"https:\/\/gestali.com\/es\/","og_locale":"es_ES","og_type":"article","og_title":"Gestali - Su gestor\u00eda en Alicante","og_description":"Gestali es una gestor\u00eda en Alicante. Apoyamos a nuestros clientes en su instalaci\u00f3n personal y profesional y los apoyamos en la administraci\u00f3n de sus negocios.","og_url":"https:\/\/gestali.com\/es\/","og_site_name":"Gestali","article_publisher":"https:\/\/www.facebook.com\/pages\/category\/Consulting-Agency\/Gestali-Alicante-141932729848844\/","article_modified_time":"2020-07-27T15:53:31+00:00","og_image":[{"width":1920,"height":1197,"url":"https:\/\/gestali.com\/wp-content\/uploads\/2018\/12\/magdalena-pie-1081642-unsplash-e1544446114529.jpg","type":"image\/jpeg"}],"twitter_card":"summary_large_image","twitter_misc":{"Tiempo de lectura":"8 minutos"},"schema":{"@context":"https:\/\/schema.org","@graph":[{"@type":"WebPage","@id":"https:\/\/gestali.com\/es\/","url":"https:\/\/gestali.com\/es\/","name":"Gestali - Su gestor\u00eda en Alicante","isPartOf":{"@id":"https:\/\/gestali.com\/es\/#website"},"datePublished":"2020-06-03T13:31:14+00:00","dateModified":"2020-07-27T15:53:31+00:00","description":"Gestali es una gestor\u00eda en Alicante. Apoyamos a nuestros clientes en su instalaci\u00f3n personal y profesional y los apoyamos en la administraci\u00f3n de sus negocios.","breadcrumb":{"@id":"https:\/\/gestali.com\/es\/#breadcrumb"},"inLanguage":"es","potentialAction":[{"@type":"ReadAction","target":["https:\/\/gestali.com\/es\/"]}]},{"@type":"BreadcrumbList","@id":"https:\/\/gestali.com\/es\/#breadcrumb","itemListElement":[{"@type":"ListItem","position":1,"name":"Accueil","item":"https:\/\/gestali.com\/es\/"},{"@type":"ListItem","position":2,"name":"Inicio"}]},{"@type":"WebSite","@id":"https:\/\/gestali.com\/es\/#website","url":"https:\/\/gestali.com\/es\/","name":"Gestali","description":"Gestor\u00eda en Alicante","potentialAction":[{"@type":"SearchAction","target":{"@type":"EntryPoint","urlTemplate":"https:\/\/gestali.com\/es\/?s={search_term_string}"},"query-input":"required name=search_term_string"}],"inLanguage":"es"}]}},"_links":{"self":[{"href":"https:\/\/gestali.com\/es\/wp-json\/wp\/v2\/pages\/281"}],"collection":[{"href":"https:\/\/gestali.com\/es\/wp-json\/wp\/v2\/pages"}],"about":[{"href":"https:\/\/gestali.com\/es\/wp-json\/wp\/v2\/types\/page"}],"author":[{"embeddable":true,"href":"https:\/\/gestali.com\/es\/wp-json\/wp\/v2\/users\/1"}],"replies":[{"embeddable":true,"href":"https:\/\/gestali.com\/es\/wp-json\/wp\/v2\/comments?post=281"}],"version-history":[{"count":27,"href":"https:\/\/gestali.com\/es\/wp-json\/wp\/v2\/pages\/281\/revisions"}],"predecessor-version":[{"id":536,"href":"https:\/\/gestali.com\/es\/wp-json\/wp\/v2\/pages\/281\/revisions\/536"}],"wp:featuredmedia":[{"embeddable":true,"href":"https:\/\/gestali.com\/es\/wp-json\/wp\/v2\/media\/260"}],"wp:attachment":[{"href":"https:\/\/gestali.com\/es\/wp-json\/wp\/v2\/media?parent=281"}],"curies":[{"name":"wp","href":"https:\/\/api.w.org\/{rel}","templated":true}]}}