{"id":336,"date":"2020-06-04T09:30:54","date_gmt":"2020-06-04T07:30:54","guid":{"rendered":"https:\/\/gestali.com\/nuestros-servicios\/heritages-et-donations\/"},"modified":"2020-07-27T17:54:52","modified_gmt":"2020-07-27T15:54:52","slug":"herencias-y-donaciones","status":"publish","type":"page","link":"https:\/\/gestali.com\/es\/nuestros-servicios\/herencias-y-donaciones\/","title":{"rendered":"Herencias y donaciones"},"content":{"rendered":"[vc_row type=\u00bbfull_width_background\u00bb full_screen_row_position=\u00bbmiddle\u00bb equal_height=\u00bbyes\u00bb content_placement=\u00bbmiddle\u00bb scene_position=\u00bbcenter\u00bb text_color=\u00bbdark\u00bb text_align=\u00bbleft\u00bb top_padding=\u00bb0&#8243; bottom_padding=\u00bb50&#8243; overlay_strength=\u00bb0.3&#8243; shape_divider_position=\u00bbbottom\u00bb bg_image_animation=\u00bbnone\u00bb shape_type=\u00bb\u00bb][vc_column column_padding=\u00bbpadding-3-percent\u00bb column_padding_position=\u00bbleft-right\u00bb background_color_opacity=\u00bb1&#8243; background_hover_color_opacity=\u00bb1&#8243; column_link_target=\u00bb_self\u00bb column_shadow=\u00bbnone\u00bb column_border_radius=\u00bbnone\u00bb width=\u00bb1\/2&#8243; tablet_width_inherit=\u00bbdefault\u00bb tablet_text_alignment=\u00bbdefault\u00bb phone_text_alignment=\u00bbdefault\u00bb column_border_width=\u00bbnone\u00bb column_border_style=\u00bbsolid\u00bb bg_image_animation=\u00bbnone\u00bb][nectar_cascading_images image_1_url=\u00bb311&#8243; image_1_offset_x_sign=\u00bb+\u00bb image_1_offset_x=\u00bb0%\u00bb image_1_offset_y_sign=\u00bb-\u00bb image_1_offset_y=\u00bb25%\u00bb image_1_rotate_sign=\u00bb+\u00bb image_1_rotate=\u00bbnone\u00bb image_1_animation=\u00bbGrow In\u00bb image_1_box_shadow=\u00bbnone\u00bb image_2_url=\u00bb295&#8243; image_2_offset_x_sign=\u00bb+\u00bb image_2_offset_x=\u00bb50%\u00bb image_2_offset_y_sign=\u00bb+\u00bb image_2_offset_y=\u00bb35%\u00bb image_2_rotate_sign=\u00bb+\u00bb image_2_rotate=\u00bbnone\u00bb image_2_animation=\u00bbGrow In\u00bb image_2_box_shadow=\u00bbnone\u00bb image_3_url=\u00bb134&#8243; image_3_offset_x_sign=\u00bb-\u00bb image_3_offset_x=\u00bb35%\u00bb image_3_offset_y_sign=\u00bb+\u00bb image_3_offset_y=\u00bb30%\u00bb image_3_rotate_sign=\u00bb+\u00bb image_3_rotate=\u00bbnone\u00bb image_3_animation=\u00bbGrow In\u00bb image_3_box_shadow=\u00bbx_large_depth\u00bb image_4_offset_x_sign=\u00bb+\u00bb image_4_offset_x=\u00bb0%\u00bb image_4_offset_y_sign=\u00bb+\u00bb image_4_offset_y=\u00bb0%\u00bb image_4_rotate_sign=\u00bb+\u00bb image_4_rotate=\u00bbnone\u00bb image_4_animation=\u00bbFade In\u00bb image_4_box_shadow=\u00bbnone\u00bb border_radius=\u00bbnone\u00bb][\/vc_column][vc_column column_padding=\u00bbpadding-6-percent\u00bb column_padding_position=\u00bbleft\u00bb background_color_opacity=\u00bb1&#8243; background_hover_color_opacity=\u00bb1&#8243; column_link_target=\u00bb_self\u00bb column_shadow=\u00bbnone\u00bb column_border_radius=\u00bbnone\u00bb width=\u00bb1\/2&#8243; tablet_width_inherit=\u00bbdefault\u00bb tablet_text_alignment=\u00bbdefault\u00bb phone_text_alignment=\u00bbdefault\u00bb column_border_width=\u00bbnone\u00bb column_border_style=\u00bbsolid\u00bb bg_image_animation=\u00bbnone\u00bb][vc_column_text css=\u00bb.vc_custom_1591257260517{margin-top: 50px !important;margin-bottom: 20px !important;}\u00bb]\n<h3>Herencias y donaciones<\/h3>\n[\/vc_column_text]<div class=\"nectar-fancy-ul\" data-list-icon=\"icon-salient-thin-line\" data-animation=\"false\" data-animation-delay=\"0\" data-color=\"extra-color-1\" data-alignment=\"left\"> \n<ul>\n<li>Otorgar Testamento<\/li>\n<li>\u00daltimas voluntades<\/li>\n<li>Impuestos: prorrogas y pagos<\/li>\n<li>Gesti\u00f3n de la documentaci\u00f3n necesaria<\/li>\n<li>Revisi\u00f3n de documentaci\u00f3n extranjera y tramitaci\u00f3n en Espa\u00f1a<\/li>\n<li>Renuncia de herencia<\/li>\n<\/ul>\n <\/div>[\/vc_column][\/vc_row][vc_row type=\u00bbfull_width_background\u00bb full_screen_row_position=\u00bbmiddle\u00bb bg_color=\u00bb#575756&#8243; scene_position=\u00bbcenter\u00bb text_color=\u00bbdark\u00bb text_align=\u00bbleft\u00bb top_padding=\u00bb60&#8243; overlay_strength=\u00bb0.3&#8243; enable_shape_divider=\u00bbtrue\u00bb shape_divider_color=\u00bb#ffffff\u00bb shape_divider_position=\u00bbtop\u00bb shape_divider_height=\u00bb80&#8243; bg_image_animation=\u00bbnone\u00bb shape_type=\u00bbcurve_opacity\u00bb][vc_column column_padding=\u00bbno-extra-padding\u00bb column_padding_position=\u00bball\u00bb background_color_opacity=\u00bb1&#8243; background_hover_color_opacity=\u00bb1&#8243; font_color=\u00bb#ffffff\u00bb column_link_target=\u00bb_self\u00bb column_shadow=\u00bbnone\u00bb column_border_radius=\u00bbnone\u00bb width=\u00bb1\/1&#8243; tablet_width_inherit=\u00bbdefault\u00bb tablet_text_alignment=\u00bbdefault\u00bb phone_text_alignment=\u00bbdefault\u00bb column_border_width=\u00bbnone\u00bb column_border_style=\u00bbsolid\u00bb bg_image_animation=\u00bbnone\u00bb translate_y=\u00bb-50%\u00bb][vc_row_inner column_margin=\u00bbdefault\u00bb translate_y=\u00bb-50%\u00bb text_align=\u00bbleft\u00bb][vc_column_inner column_padding=\u00bbpadding-5-percent\u00bb column_padding_position=\u00bball\u00bb centered_text=\u00bbtrue\u00bb background_color=\u00bb#00afd3&#8243; background_color_opacity=\u00bb1&#8243; background_color_hover=\u00bb#00afd3&#8243; background_hover_color_opacity=\u00bb1&#8243; font_color=\u00bb#ffffff\u00bb column_shadow=\u00bbx_large_depth\u00bb column_border_radius=\u00bb20px\u00bb top_margin=\u00bb15&#8243; column_link_target=\u00bb_self\u00bb width=\u00bb1\/1&#8243; tablet_width_inherit=\u00bbdefault\u00bb column_border_width=\u00bbnone\u00bb column_border_style=\u00bbsolid\u00bb bg_image_animation=\u00bbnone\u00bb enable_animation=\u00bbtrue\u00bb animation=\u00bbflip-in-vertical\u00bb]<div class=\"divider-wrap\" data-alignment=\"default\"><div style=\"height: 15px;\" class=\"divider\"><\/div><\/div>[vc_custom_heading text=\u00bb\u00a1Su presupuesto sin compromiso!\u00bb font_container=\u00bbtag:h4|text_align:center|color:%23ffffff\u00bb google_fonts=\u00bbfont_family:Raleway%3A100%2C200%2C300%2Cregular%2C500%2C600%2C700%2C800%2C900|font_style:700%20bold%20regular%3A700%3Anormal\u00bb][nectar_btn size=\u00bblarge\u00bb open_new_tab=\u00bbtrue\u00bb button_style=\u00bbregular\u00bb button_color_2=\u00bbExtra-Color-1&#8243; color_override=\u00bb#ffffff\u00bb solid_text_color_override=\u00bb#0a0a0a\u00bb icon_family=\u00bbnone\u00bb url=\u00bb\/contact\u00bb text=\u00bbCONT\u00c1CTENOS\u00bb margin_top=\u00bb30&#8243; margin_bottom=\u00bb1&#8243;]<div class=\"divider-wrap\" data-alignment=\"default\"><div style=\"height: 15px;\" class=\"divider\"><\/div><\/div>[\/vc_column_inner][\/vc_row_inner][\/vc_column][\/vc_row]\n","protected":false},"excerpt":{"rendered":"<p>[vc_row type=\u00bbfull_width_background\u00bb full_screen_row_position=\u00bbmiddle\u00bb equal_height=\u00bbyes\u00bb content_placement=\u00bbmiddle\u00bb scene_position=\u00bbcenter\u00bb text_color=\u00bbdark\u00bb text_align=\u00bbleft\u00bb top_padding=\u00bb0&#8243; bottom_padding=\u00bb50&#8243; overlay_strength=\u00bb0.3&#8243; shape_divider_position=\u00bbbottom\u00bb bg_image_animation=\u00bbnone\u00bb shape_type=\u00bb\u00bb][vc_column column_padding=\u00bbpadding-3-percent\u00bb column_padding_position=\u00bbleft-right\u00bb background_color_opacity=\u00bb1&#8243; background_hover_color_opacity=\u00bb1&#8243; column_link_target=\u00bb_self\u00bb column_shadow=\u00bbnone\u00bb column_border_radius=\u00bbnone\u00bb width=\u00bb1\/2&#8243; tablet_width_inherit=\u00bbdefault\u00bb tablet_text_alignment=\u00bbdefault\u00bb phone_text_alignment=\u00bbdefault\u00bb column_border_width=\u00bbnone\u00bb column_border_style=\u00bbsolid\u00bb bg_image_animation=\u00bbnone\u00bb][nectar_cascading_images image_1_url=\u00bb311&#8243; image_1_offset_x_sign=\u00bb+\u00bb&#8230;<\/p>\n","protected":false},"author":1,"featured_media":0,"parent":170,"menu_order":0,"comment_status":"closed","ping_status":"closed","template":"","meta":[],"yoast_head":"<!-- This site is optimized with the Yoast SEO plugin v20.11 - https:\/\/yoast.com\/wordpress\/plugins\/seo\/ -->\n<title>Herencias y donaciones - Gestali<\/title>\n<meta name=\"robots\" content=\"index, follow, max-snippet:-1, max-image-preview:large, max-video-preview:-1\" \/>\n<link rel=\"canonical\" href=\"https:\/\/gestali.com\/es\/nuestros-servicios\/herencias-y-donaciones\/\" \/>\n<meta property=\"og:locale\" content=\"es_ES\" \/>\n<meta property=\"og:type\" content=\"article\" \/>\n<meta property=\"og:title\" content=\"Herencias y donaciones - Gestali\" \/>\n<meta property=\"og:description\" content=\"[vc_row type=\u00bbfull_width_background\u00bb full_screen_row_position=\u00bbmiddle\u00bb equal_height=\u00bbyes\u00bb content_placement=\u00bbmiddle\u00bb scene_position=\u00bbcenter\u00bb text_color=\u00bbdark\u00bb text_align=\u00bbleft\u00bb top_padding=\u00bb0&#8243; bottom_padding=\u00bb50&#8243; overlay_strength=\u00bb0.3&#8243; shape_divider_position=\u00bbbottom\u00bb bg_image_animation=\u00bbnone\u00bb shape_type=\u00bb\u00bb][vc_column column_padding=\u00bbpadding-3-percent\u00bb column_padding_position=\u00bbleft-right\u00bb background_color_opacity=\u00bb1&#8243; background_hover_color_opacity=\u00bb1&#8243; column_link_target=\u00bb_self\u00bb column_shadow=\u00bbnone\u00bb column_border_radius=\u00bbnone\u00bb width=\u00bb1\/2&#8243; tablet_width_inherit=\u00bbdefault\u00bb tablet_text_alignment=\u00bbdefault\u00bb phone_text_alignment=\u00bbdefault\u00bb column_border_width=\u00bbnone\u00bb column_border_style=\u00bbsolid\u00bb bg_image_animation=\u00bbnone\u00bb][nectar_cascading_images image_1_url=\u00bb311&#8243; image_1_offset_x_sign=\u00bb+\u00bb...\" \/>\n<meta property=\"og:url\" content=\"https:\/\/gestali.com\/es\/nuestros-servicios\/herencias-y-donaciones\/\" \/>\n<meta property=\"og:site_name\" content=\"Gestali\" \/>\n<meta property=\"article:publisher\" content=\"https:\/\/www.facebook.com\/pages\/category\/Consulting-Agency\/Gestali-Alicante-141932729848844\/\" \/>\n<meta property=\"article:modified_time\" content=\"2020-07-27T15:54:52+00:00\" \/>\n<meta name=\"twitter:card\" content=\"summary_large_image\" \/>\n<meta name=\"twitter:label1\" content=\"Tiempo de lectura\" \/>\n\t<meta name=\"twitter:data1\" content=\"3 minutos\" \/>\n<script type=\"application\/ld+json\" class=\"yoast-schema-graph\">{\"@context\":\"https:\/\/schema.org\",\"@graph\":[{\"@type\":\"WebPage\",\"@id\":\"https:\/\/gestali.com\/es\/nuestros-servicios\/herencias-y-donaciones\/\",\"url\":\"https:\/\/gestali.com\/es\/nuestros-servicios\/herencias-y-donaciones\/\",\"name\":\"Herencias y donaciones - Gestali\",\"isPartOf\":{\"@id\":\"https:\/\/gestali.com\/es\/#website\"},\"datePublished\":\"2020-06-04T07:30:54+00:00\",\"dateModified\":\"2020-07-27T15:54:52+00:00\",\"breadcrumb\":{\"@id\":\"https:\/\/gestali.com\/es\/nuestros-servicios\/herencias-y-donaciones\/#breadcrumb\"},\"inLanguage\":\"es\",\"potentialAction\":[{\"@type\":\"ReadAction\",\"target\":[\"https:\/\/gestali.com\/es\/nuestros-servicios\/herencias-y-donaciones\/\"]}]},{\"@type\":\"BreadcrumbList\",\"@id\":\"https:\/\/gestali.com\/es\/nuestros-servicios\/herencias-y-donaciones\/#breadcrumb\",\"itemListElement\":[{\"@type\":\"ListItem\",\"position\":1,\"name\":\"Accueil\",\"item\":\"https:\/\/gestali.com\/es\/\"},{\"@type\":\"ListItem\",\"position\":2,\"name\":\"Nuestros servicios\",\"item\":\"https:\/\/gestali.com\/es\/nuestros-servicios\/\"},{\"@type\":\"ListItem\",\"position\":3,\"name\":\"Herencias y donaciones\"}]},{\"@type\":\"WebSite\",\"@id\":\"https:\/\/gestali.com\/es\/#website\",\"url\":\"https:\/\/gestali.com\/es\/\",\"name\":\"Gestali\",\"description\":\"Gestor\u00eda en Alicante\",\"potentialAction\":[{\"@type\":\"SearchAction\",\"target\":{\"@type\":\"EntryPoint\",\"urlTemplate\":\"https:\/\/gestali.com\/es\/?s={search_term_string}\"},\"query-input\":\"required name=search_term_string\"}],\"inLanguage\":\"es\"}]}<\/script>\n<!-- \/ Yoast SEO plugin. -->","yoast_head_json":{"title":"Herencias y donaciones - Gestali","robots":{"index":"index","follow":"follow","max-snippet":"max-snippet:-1","max-image-preview":"max-image-preview:large","max-video-preview":"max-video-preview:-1"},"canonical":"https:\/\/gestali.com\/es\/nuestros-servicios\/herencias-y-donaciones\/","og_locale":"es_ES","og_type":"article","og_title":"Herencias y donaciones - Gestali","og_description":"[vc_row type=\u00bbfull_width_background\u00bb full_screen_row_position=\u00bbmiddle\u00bb equal_height=\u00bbyes\u00bb content_placement=\u00bbmiddle\u00bb scene_position=\u00bbcenter\u00bb text_color=\u00bbdark\u00bb text_align=\u00bbleft\u00bb top_padding=\u00bb0&#8243; bottom_padding=\u00bb50&#8243; overlay_strength=\u00bb0.3&#8243; shape_divider_position=\u00bbbottom\u00bb bg_image_animation=\u00bbnone\u00bb shape_type=\u00bb\u00bb][vc_column column_padding=\u00bbpadding-3-percent\u00bb column_padding_position=\u00bbleft-right\u00bb background_color_opacity=\u00bb1&#8243; background_hover_color_opacity=\u00bb1&#8243; column_link_target=\u00bb_self\u00bb column_shadow=\u00bbnone\u00bb column_border_radius=\u00bbnone\u00bb width=\u00bb1\/2&#8243; tablet_width_inherit=\u00bbdefault\u00bb tablet_text_alignment=\u00bbdefault\u00bb phone_text_alignment=\u00bbdefault\u00bb column_border_width=\u00bbnone\u00bb column_border_style=\u00bbsolid\u00bb bg_image_animation=\u00bbnone\u00bb][nectar_cascading_images image_1_url=\u00bb311&#8243; image_1_offset_x_sign=\u00bb+\u00bb...","og_url":"https:\/\/gestali.com\/es\/nuestros-servicios\/herencias-y-donaciones\/","og_site_name":"Gestali","article_publisher":"https:\/\/www.facebook.com\/pages\/category\/Consulting-Agency\/Gestali-Alicante-141932729848844\/","article_modified_time":"2020-07-27T15:54:52+00:00","twitter_card":"summary_large_image","twitter_misc":{"Tiempo de lectura":"3 minutos"},"schema":{"@context":"https:\/\/schema.org","@graph":[{"@type":"WebPage","@id":"https:\/\/gestali.com\/es\/nuestros-servicios\/herencias-y-donaciones\/","url":"https:\/\/gestali.com\/es\/nuestros-servicios\/herencias-y-donaciones\/","name":"Herencias y donaciones - Gestali","isPartOf":{"@id":"https:\/\/gestali.com\/es\/#website"},"datePublished":"2020-06-04T07:30:54+00:00","dateModified":"2020-07-27T15:54:52+00:00","breadcrumb":{"@id":"https:\/\/gestali.com\/es\/nuestros-servicios\/herencias-y-donaciones\/#breadcrumb"},"inLanguage":"es","potentialAction":[{"@type":"ReadAction","target":["https:\/\/gestali.com\/es\/nuestros-servicios\/herencias-y-donaciones\/"]}]},{"@type":"BreadcrumbList","@id":"https:\/\/gestali.com\/es\/nuestros-servicios\/herencias-y-donaciones\/#breadcrumb","itemListElement":[{"@type":"ListItem","position":1,"name":"Accueil","item":"https:\/\/gestali.com\/es\/"},{"@type":"ListItem","position":2,"name":"Nuestros servicios","item":"https:\/\/gestali.com\/es\/nuestros-servicios\/"},{"@type":"ListItem","position":3,"name":"Herencias y donaciones"}]},{"@type":"WebSite","@id":"https:\/\/gestali.com\/es\/#website","url":"https:\/\/gestali.com\/es\/","name":"Gestali","description":"Gestor\u00eda en Alicante","potentialAction":[{"@type":"SearchAction","target":{"@type":"EntryPoint","urlTemplate":"https:\/\/gestali.com\/es\/?s={search_term_string}"},"query-input":"required name=search_term_string"}],"inLanguage":"es"}]}},"_links":{"self":[{"href":"https:\/\/gestali.com\/es\/wp-json\/wp\/v2\/pages\/336"}],"collection":[{"href":"https:\/\/gestali.com\/es\/wp-json\/wp\/v2\/pages"}],"about":[{"href":"https:\/\/gestali.com\/es\/wp-json\/wp\/v2\/types\/page"}],"author":[{"embeddable":true,"href":"https:\/\/gestali.com\/es\/wp-json\/wp\/v2\/users\/1"}],"replies":[{"embeddable":true,"href":"https:\/\/gestali.com\/es\/wp-json\/wp\/v2\/comments?post=336"}],"version-history":[{"count":8,"href":"https:\/\/gestali.com\/es\/wp-json\/wp\/v2\/pages\/336\/revisions"}],"predecessor-version":[{"id":539,"href":"https:\/\/gestali.com\/es\/wp-json\/wp\/v2\/pages\/336\/revisions\/539"}],"up":[{"embeddable":true,"href":"https:\/\/gestali.com\/es\/wp-json\/wp\/v2\/pages\/170"}],"wp:attachment":[{"href":"https:\/\/gestali.com\/es\/wp-json\/wp\/v2\/media?parent=336"}],"curies":[{"name":"wp","href":"https:\/\/api.w.org\/{rel}","templated":true}]}}