{"id":553,"date":"2021-04-23T16:56:08","date_gmt":"2021-04-23T14:56:08","guid":{"rendered":"https:\/\/gestali.com\/?page_id=553"},"modified":"2023-07-16T11:16:50","modified_gmt":"2023-07-16T09:16:50","slug":"politica-de-privacidad","status":"publish","type":"page","link":"https:\/\/gestali.com\/es\/politica-de-privacidad\/","title":{"rendered":"POLI\u0301TICA DE PRIVACIDAD"},"content":{"rendered":"<div class=\"page\" title=\"Page 1\">\n<div class=\"layoutArea\">\n<div class=\"column\">\n<p class=\"p1\"><b>GESTALI ALICANTE, S.L.<\/b>, <span class=\"s1\">se compromete a proteger su privacidad. Esta Pol\u00edtica de Privacidad explica c\u00f3mo recopilamos y utilizamos sus datos personales y qu\u00e9 derechos y opciones tiene al respecto. Consulte tambi\u00e9n nuestra Pol\u00edtica de cookies que explica el uso de cookies y otros dispositivos de seguimiento de la web a trav\u00e9s de nuestro sitio web.<\/span><\/p>\n<p class=\"p3\"><span class=\"s2\"><b>\u00bfQui\u00e9n es el responsable del tratamiento de sus datos personales?<\/b><\/span><\/p>\n<p class=\"p1\"><b>GESTALI ALICANTE, S.L. <\/b>con N.I.F.<b> B-54399555<\/b>,<b> <\/b>domicilio social en <b>PLAZA M\u00daSICO \u00d3SCAR TORDERA I\u00d1ESTA N\u00ba 11, C.P- 03004- ALICANTE <\/b>con n\u00famero de tel\u00e9fono<b> 965-21.33.68 <\/b>y <b>e-mail: administracion@gestali.com <\/b>es el <span class=\"s2\"><b>responsable del tratamiento <\/b><\/span>de sus datos de car\u00e1cter personal. Por tanto, nosotros le garantizamos su seguridad y tratamiento confidencial, de conformidad con lo dispuesto en el <b>REGLAMENTO EUROPEO DE PROTECCION DE DATOS (UE) 679\/2016, <\/b>as\u00ed como cualquier otra normativa que resulte de aplicaci\u00f3n.<\/p>\n<p class=\"p3\"><span class=\"s2\"><b>\u00bfQu\u00e9 tipos y categor\u00edas de datos personales tratamos?<\/b><\/span><\/p>\n<p class=\"p3\">Las categor\u00edas de datos que vamos a necesitar de ti se clasifican en:<\/p>\n<p class=\"p3\">\u2022 Datos identificativos y de contacto.<\/p>\n<p class=\"p6\"><span class=\"s3\">\u2022 <\/span>Datos de facturaci\u00f3n y pago.<\/p>\n<p class=\"p3\">\u2022 Datos de conexi\u00f3n, navegaci\u00f3n.<\/p>\n<p class=\"p7\">Dentro de cada una de estas categor\u00edas de datos se encuentran los siguientes tipos de datos que vamos a ir solicit\u00e1ndote o que nos vas a facilitar en alg\u00fan momento de nuestra relaci\u00f3n:<\/p>\n<p class=\"p7\">Datos identificativos y de contacto: Nombre y apellidos, direcci\u00f3n postal, direcci\u00f3n de env\u00edo, fecha de nacimiento, n\u00famero de tel\u00e9fono y direcci\u00f3n de correo electr\u00f3nico. Puede ocurrir que nos facilites datos de terceros con los que tengas alg\u00fan tipo de relaci\u00f3n. En ese caso, trataremos los datos porque entendemos que has avisado a estos terceros de que nos ibas a entregar sus datos y les has remitido a esta pol\u00edtica de privacidad para que sepan c\u00f3mo tratamos sus datos. No obstante, en el momento en el que tengamos ocasi\u00f3n les informaremos de esta pol\u00edtica de privacidad.<\/p>\n<p class=\"p8\">Datos de facturaci\u00f3n y pago. Direcci\u00f3n de facturaci\u00f3n, n\u00famero de cuenta corriente y datos de la entidad bancaria. Datos necesarios para realizar y completar una factura, para Empresas en cumplimiento de obligaciones tributarias resulta obligatorio disponer de un NIF\/CIF para poder completar la factura. Los datos de pago o de tarjeta no se conservan o recogen en nuestros sistemas, sino que los datos se env\u00edan directamente a trav\u00e9s de la pasarela de pagos al proveedor de servicios de pago.<\/p>\n<p class=\"p7\">Datos de conexi\u00f3n, navegaci\u00f3n. En este caso podemos tener acceso a la direcci\u00f3n IP de tu dispositivo y al c\u00f3digo identificativo del dispositivo y a metadatos.<\/p>\n<p class=\"p7\">Para las Empresas vamos a tratar el nombre de tu empresa y n\u00famero de identificaci\u00f3n fiscal, nombre y apellido de la persona de contacto, la direcci\u00f3n y tel\u00e9fono.<\/p>\n<p class=\"p7\">Te agradecemos que los datos que nos facilites est\u00e9n actualizados y sean reales. En caso de que los datos que nos facilites sean falsos, incompletos, inexactos o no est\u00e9n actualizados, nos reservamos el derecho de finalizar los servicios contratados o cualquier otro contrato que se hubiere suscrito.<\/p>\n<p class=\"p3\"><span class=\"s2\"><b>\u00bfCon que fines utilizamos sus datos personales?<\/b><\/span><\/p>\n<p class=\"p9\"><span class=\"s4\">En <\/span><b>GESTALI ALICANTE, S.L. <\/b>utilizamos sus datos en la medida en que sea permitido por el RGPD, as\u00ed como por la normativa vigente que sea de aplicaci\u00f3n. En todo caso el tratamiento se har\u00e1 para fines determinados, expl\u00edcitos y leg\u00edtimos, y en ning\u00fan caso ser\u00e1n tratados de manera incompatible para dichos fines. En concreto se llevar\u00e1n a cabo los siguientes tratamientos:<\/p>\n<ul class=\"ul1\">\n<li class=\"li9\"><span class=\"s1\">Contestar a sus consultas, solicitudes o peticiones.<\/span><\/li>\n<li class=\"li1\"><span class=\"s1\">Gestionar la relaci\u00f3n contractual y la prestaci\u00f3n de los servicios de consulta solicitados por el cliente.<\/span><\/li>\n<li class=\"li1\"><span class=\"s1\">Gestionar sus llamadas telef\u00f3nicas.<\/span><\/li>\n<li class=\"li9\">Emitir justificantes de cobro por los servicios prestados en favor del cliente.<\/li>\n<li class=\"li9\"><span class=\"s1\">Para el correcto desempe\u00f1o del servicio solicitado, se tratar\u00e1n los datos personales del cliente necesarios para un seguimiento de la evoluci\u00f3n de este durante la prestaci\u00f3n del servicio.<\/span><\/li>\n<li class=\"li1\"><span class=\"s1\">Realizar todos aquellos tr\u00e1mites administrativos, fiscales y contables necesarios para cumplir con nuestros compromisos contractuales y obligaciones fiscales y contables.<\/span><\/li>\n<li class=\"li1\"><span class=\"s1\">Cumplimiento de nuestras obligaciones legales.<\/span><\/li>\n<li class=\"li1\">Analizar y mejorar nuestros servicios y comunicaciones con usted.<\/li>\n<li class=\"li9\"><span class=\"s1\">Supervisar y evaluar el cumplimiento de nuestras pol\u00edticas y normas.<\/span><\/li>\n<li class=\"li1\"><span class=\"s1\">Gestionar env\u00edo de informaci\u00f3n y prospecci\u00f3n comercial por cualquier v\u00eda en caso de consentimiento expl\u00edcito.<\/span><\/li>\n<\/ul>\n<p class=\"p1\"><b>\u00bf<\/b><span class=\"s2\"><b>Cu\u00e1l es la legitimaci\u00f3n para el tratamiento de sus datos?<\/b><\/span><\/p>\n<p class=\"p1\">La legitimaci\u00f3n de los tratamientos de los datos personales que llevamos a cabo se hace en todo momento en cumplimiento con lo dispuesto en el art\u00edculo 6 del RGPD, as\u00ed como en el art\u00edculo 8 de la Ley Org\u00e1nica 3\/2018. En los casos en que la legitimaci\u00f3n para la finalidad principal del uso de datos no se encuentre en ninguna de las bases jur\u00eddicas anteriores, se solicitar\u00e1 el <span class=\"s2\">consentimiento<\/span> del interesado para el tratamiento.<\/p>\n<p class=\"p1\"><span class=\"s2\"><b>\u00bfCu\u00e1nto tiempo conservamos tus datos?<\/b><\/span><\/p>\n<p class=\"p1\">Los datos personales ser\u00e1n conservados durante el tiempo necesario para la prestaci\u00f3n del servicio o mientras el interesado no retire su consentimiento. Posteriormente, los datos ser\u00e1n suprimidos conforme a lo dispuesto en la normativa de protecci\u00f3n de datos, lo que implica su bloqueo, estando disponibles tan solo a solicitud de Jueces y tribunales, Defensor del Pueblo, Ministerio Fiscal o las Administraciones P\u00fablicas competentes durante el plazo de prescripci\u00f3n de las acciones que pudieran derivar y, transcurrido \u00e9ste, se proceder\u00e1 a su completa eliminaci\u00f3n.<\/p>\n<p class=\"p1\"><span class=\"s2\"><b>\u00bfCon qui\u00e9n compartimos tus datos?<\/b><\/span><\/p>\n<p class=\"p1\">Le informamos que los datos proporcionados, ser\u00e1n comunicados a los diferentes proveedores de productos y servicios, que sean necesarios para la ejecuci\u00f3n del tratamiento solicitado. Nuestros proveedores est\u00e1n obligados a utilizar los datos proporcionados \u00fanica y exclusivamente para el cumplimiento del servicio solicitado. Los datos personales tratados por <b>GESTALI ALICANTE, S.L. <\/b>para alcanzar las finalidades detalladas anteriormente podr\u00e1n ser comunicados a los siguientes destinatarios en funci\u00f3n de la base legitimadora de la comunicaci\u00f3n:<\/p>\n<ul class=\"ul1\">\n<li class=\"li1\"><span class=\"s1\">Las Administraciones P\u00fablicas en los casos previstos por la Ley.<\/span><\/li>\n<li class=\"li1\"><span class=\"s1\">Las Fuerzas y Cuerpos de Seguridad del Estado.<\/span><\/li>\n<li class=\"li1\"><span class=\"s1\">Los bancos y entidades financieras para el cobro de los servicios contratados.<\/span><\/li>\n<li class=\"li1\"><span class=\"s1\">Los registros p\u00fablicos de solvencia patrimonial y a los sistemas de prevenci\u00f3n contra el fraude<\/span><\/li>\n<\/ul>\n<p class=\"p3\"><span class=\"s2\"><b>\u00bfCu\u00e1les son sus derechos?<\/b><\/span><\/p>\n<p class=\"p3\"><b>Derechos:<\/b><\/p>\n<p class=\"p12\">En particular, independientemente de la finalidad o la base legal en virtud de la que tratemos sus datos, tiene derecho a:<\/p>\n<p class=\"p1\"><span class=\"s5\">\u00ef<\/span> <span class=\"s2\">Derecho de acceso:<\/span> cualquier persona tiene derecho a obtener confirmaci\u00f3n sobre si <b>GESTALI ALICANTE, S.L. <\/b>est\u00e1 tratando datos personales que le conciernan.<\/p>\n<p class=\"p1\"><span class=\"s5\">\u00ef<\/span><span class=\"s2\"> Derecho de rectificaci\u00f3n:<\/span> Usted t<span class=\"s1\">iene derecho a acceder a sus datos personales de los que disponemos y solicitar su rectificaci\u00f3n cuando estos sean inexactos<\/span>.<\/p>\n<p class=\"p1\"><span class=\"s5\">\u00ef<\/span> <span class=\"s2\">Derecho de supresi\u00f3n: <\/span>cuando los datos recabados ya no sean necesarios para la finalidad para los fines que fueron recabados.<\/p>\n<p class=\"p1\"><span class=\"s5\">\u00ef<\/span> <span class=\"s2\">Derecho a la limitaci\u00f3n del tratamiento:<\/span> podr\u00e1 solicitar la limitaci\u00f3n del tratamiento de sus datos y solicitar que se conserven\u00a0para el ejercicio o defensa de reclamaciones.<\/p>\n<p class=\"p1\"><span class=\"s5\">\u00ef<\/span> <span class=\"s2\">Derecho de portabilidad: <\/span><span class=\"s1\">\u00a0tiene derecho a obtener los datos personales que les incumben en un formato estructurado de uso com\u00fan y lectura mec\u00e1nica y a transmitirlos a otro responsable.<\/span><\/p>\n<p class=\"p7\"><span class=\"s5\">\u00ef<\/span> <span class=\"s2\">Derecho a retirar consentimiento:<\/span> el derecho a retirar cualquier consentimiento que usted nos haya dado previamente para manejar su informaci\u00f3n personal. Si retira su consentimiento, esto no afectar\u00e1 a la legalidad del uso que le dimos a su informaci\u00f3n personal antes de que retirar\u00e1 su consentimiento<\/p>\n<p class=\"p13\">\n<p class=\"p12\"><span class=\"s2\"><b>\u00bfC\u00f3mo puede ejercer sus derechos?<\/b><\/span><\/p>\n<p class=\"p1\"><b>GESTALI ALICANTE, S.L. <\/b>se compromete a respetar la confidencialidad de sus datos personales y a garantizarle el ejercicio de sus derechos. Puede ejercitarlos sin coste alguno escribi\u00e9ndonos un correo electr\u00f3nico a nuestra direcci\u00f3n<b> administracion@gestali.com<\/b> simplemente indic\u00e1ndonos el motivo de su solicitud y el derecho que quiere ejercitar, inform\u00e1ndole que es imprescindible, seg\u00fan Ley, que aporte copia de DNI o NIE. Le informamos tambi\u00e9n que, siguiendo con nuestra pol\u00edtica de transparencia, puede solicitar los formularios de los derechos por cualquiera de los medios siguientes: <b>en la propia sede o por email.<\/b> Se le informa que tambi\u00e9n puede ejercer sus derechos presentando una declaraci\u00f3n ante la autoridad de control competente, cuando no haya obtenido satisfacci\u00f3n\u00a0en el ejercicio de sus derechos.<\/p>\n<p class=\"p14\"><span class=\"s2\"><b>\u00bfQuieres un formulario para el ejercicio de Derechos?<\/b><\/span><\/p>\n<ul class=\"ul1\">\n<li class=\"li1\"><span class=\"s1\">Tenemos formularios para el ejercicio de tus derechos, p\u00eddenoslos por email o si lo prefieres, puedes usar los elaborados por la Agencia Espa\u00f1ola de Protecci\u00f3n de Datos o terceros.<\/span><\/li>\n<li class=\"li1\"><span class=\"s1\">Estos formularios deben ir firmados electr\u00f3nicamente o ser acompa\u00f1ados de fotocopia del DNI.<\/span><\/li>\n<li class=\"li1\"><span class=\"s1\">Si te representa alguien, debes adjuntarnos copia de su DNI, o que lo firme con su firma electr\u00f3nica.<\/span><\/li>\n<li class=\"li1\"><span class=\"s1\">Los formularios pueden ser presentados presencialmente, enviados por carta o por mail en la direcci\u00f3n del Responsable al inicio de este texto.<\/span><\/li>\n<\/ul>\n<\/div>\n<\/div>\n<\/div>\n","protected":false},"excerpt":{"rendered":"<p>GESTALI ALICANTE, S.L., se compromete a proteger su privacidad. Esta Pol\u00edtica de Privacidad explica c\u00f3mo recopilamos y utilizamos sus datos personales y qu\u00e9 derechos y opciones tiene al respecto. Consulte&#8230;<\/p>\n","protected":false},"author":1,"featured_media":0,"parent":0,"menu_order":0,"comment_status":"closed","ping_status":"closed","template":"","meta":[],"yoast_head":"<!-- This site is optimized with the Yoast SEO plugin v20.11 - https:\/\/yoast.com\/wordpress\/plugins\/seo\/ -->\n<title>POLI\u0301TICA DE PRIVACIDAD - Gestali<\/title>\n<meta name=\"robots\" content=\"index, follow, max-snippet:-1, max-image-preview:large, max-video-preview:-1\" \/>\n<link rel=\"canonical\" href=\"https:\/\/gestali.com\/es\/politica-de-privacidad\/\" \/>\n<meta property=\"og:locale\" content=\"es_ES\" \/>\n<meta property=\"og:type\" content=\"article\" \/>\n<meta property=\"og:title\" content=\"POLI\u0301TICA DE PRIVACIDAD - Gestali\" \/>\n<meta property=\"og:description\" content=\"GESTALI ALICANTE, S.L., se compromete a proteger su privacidad. Esta Pol\u00edtica de Privacidad explica c\u00f3mo recopilamos y utilizamos sus datos personales y qu\u00e9 derechos y opciones tiene al respecto. Consulte...\" \/>\n<meta property=\"og:url\" content=\"https:\/\/gestali.com\/es\/politica-de-privacidad\/\" \/>\n<meta property=\"og:site_name\" content=\"Gestali\" \/>\n<meta property=\"article:publisher\" content=\"https:\/\/www.facebook.com\/pages\/category\/Consulting-Agency\/Gestali-Alicante-141932729848844\/\" \/>\n<meta property=\"article:modified_time\" content=\"2023-07-16T09:16:50+00:00\" \/>\n<meta name=\"twitter:card\" content=\"summary_large_image\" \/>\n<meta name=\"twitter:label1\" content=\"Tiempo de lectura\" \/>\n\t<meta name=\"twitter:data1\" content=\"6 minutos\" \/>\n<script type=\"application\/ld+json\" class=\"yoast-schema-graph\">{\"@context\":\"https:\/\/schema.org\",\"@graph\":[{\"@type\":\"WebPage\",\"@id\":\"https:\/\/gestali.com\/es\/politica-de-privacidad\/\",\"url\":\"https:\/\/gestali.com\/es\/politica-de-privacidad\/\",\"name\":\"POLI\u0301TICA DE PRIVACIDAD - Gestali\",\"isPartOf\":{\"@id\":\"https:\/\/gestali.com\/es\/#website\"},\"datePublished\":\"2021-04-23T14:56:08+00:00\",\"dateModified\":\"2023-07-16T09:16:50+00:00\",\"breadcrumb\":{\"@id\":\"https:\/\/gestali.com\/es\/politica-de-privacidad\/#breadcrumb\"},\"inLanguage\":\"es\",\"potentialAction\":[{\"@type\":\"ReadAction\",\"target\":[\"https:\/\/gestali.com\/es\/politica-de-privacidad\/\"]}]},{\"@type\":\"BreadcrumbList\",\"@id\":\"https:\/\/gestali.com\/es\/politica-de-privacidad\/#breadcrumb\",\"itemListElement\":[{\"@type\":\"ListItem\",\"position\":1,\"name\":\"Accueil\",\"item\":\"https:\/\/gestali.com\/es\/\"},{\"@type\":\"ListItem\",\"position\":2,\"name\":\"POLI\u0301TICA DE PRIVACIDAD\"}]},{\"@type\":\"WebSite\",\"@id\":\"https:\/\/gestali.com\/es\/#website\",\"url\":\"https:\/\/gestali.com\/es\/\",\"name\":\"Gestali\",\"description\":\"Gestor\u00eda en Alicante\",\"potentialAction\":[{\"@type\":\"SearchAction\",\"target\":{\"@type\":\"EntryPoint\",\"urlTemplate\":\"https:\/\/gestali.com\/es\/?s={search_term_string}\"},\"query-input\":\"required name=search_term_string\"}],\"inLanguage\":\"es\"}]}<\/script>\n<!-- \/ Yoast SEO plugin. -->","yoast_head_json":{"title":"POLI\u0301TICA DE PRIVACIDAD - Gestali","robots":{"index":"index","follow":"follow","max-snippet":"max-snippet:-1","max-image-preview":"max-image-preview:large","max-video-preview":"max-video-preview:-1"},"canonical":"https:\/\/gestali.com\/es\/politica-de-privacidad\/","og_locale":"es_ES","og_type":"article","og_title":"POLI\u0301TICA DE PRIVACIDAD - Gestali","og_description":"GESTALI ALICANTE, S.L., se compromete a proteger su privacidad. Esta Pol\u00edtica de Privacidad explica c\u00f3mo recopilamos y utilizamos sus datos personales y qu\u00e9 derechos y opciones tiene al respecto. Consulte...","og_url":"https:\/\/gestali.com\/es\/politica-de-privacidad\/","og_site_name":"Gestali","article_publisher":"https:\/\/www.facebook.com\/pages\/category\/Consulting-Agency\/Gestali-Alicante-141932729848844\/","article_modified_time":"2023-07-16T09:16:50+00:00","twitter_card":"summary_large_image","twitter_misc":{"Tiempo de lectura":"6 minutos"},"schema":{"@context":"https:\/\/schema.org","@graph":[{"@type":"WebPage","@id":"https:\/\/gestali.com\/es\/politica-de-privacidad\/","url":"https:\/\/gestali.com\/es\/politica-de-privacidad\/","name":"POLI\u0301TICA DE PRIVACIDAD - Gestali","isPartOf":{"@id":"https:\/\/gestali.com\/es\/#website"},"datePublished":"2021-04-23T14:56:08+00:00","dateModified":"2023-07-16T09:16:50+00:00","breadcrumb":{"@id":"https:\/\/gestali.com\/es\/politica-de-privacidad\/#breadcrumb"},"inLanguage":"es","potentialAction":[{"@type":"ReadAction","target":["https:\/\/gestali.com\/es\/politica-de-privacidad\/"]}]},{"@type":"BreadcrumbList","@id":"https:\/\/gestali.com\/es\/politica-de-privacidad\/#breadcrumb","itemListElement":[{"@type":"ListItem","position":1,"name":"Accueil","item":"https:\/\/gestali.com\/es\/"},{"@type":"ListItem","position":2,"name":"POLI\u0301TICA DE PRIVACIDAD"}]},{"@type":"WebSite","@id":"https:\/\/gestali.com\/es\/#website","url":"https:\/\/gestali.com\/es\/","name":"Gestali","description":"Gestor\u00eda en Alicante","potentialAction":[{"@type":"SearchAction","target":{"@type":"EntryPoint","urlTemplate":"https:\/\/gestali.com\/es\/?s={search_term_string}"},"query-input":"required name=search_term_string"}],"inLanguage":"es"}]}},"_links":{"self":[{"href":"https:\/\/gestali.com\/es\/wp-json\/wp\/v2\/pages\/553"}],"collection":[{"href":"https:\/\/gestali.com\/es\/wp-json\/wp\/v2\/pages"}],"about":[{"href":"https:\/\/gestali.com\/es\/wp-json\/wp\/v2\/types\/page"}],"author":[{"embeddable":true,"href":"https:\/\/gestali.com\/es\/wp-json\/wp\/v2\/users\/1"}],"replies":[{"embeddable":true,"href":"https:\/\/gestali.com\/es\/wp-json\/wp\/v2\/comments?post=553"}],"version-history":[{"count":2,"href":"https:\/\/gestali.com\/es\/wp-json\/wp\/v2\/pages\/553\/revisions"}],"predecessor-version":[{"id":556,"href":"https:\/\/gestali.com\/es\/wp-json\/wp\/v2\/pages\/553\/revisions\/556"}],"wp:attachment":[{"href":"https:\/\/gestali.com\/es\/wp-json\/wp\/v2\/media?parent=553"}],"curies":[{"name":"wp","href":"https:\/\/api.w.org\/{rel}","templated":true}]}}